{"id":10,"date":"2026-01-23T11:38:18","date_gmt":"2026-01-23T11:38:18","guid":{"rendered":"https:\/\/anjabeck.dk\/?page_id=10"},"modified":"2026-02-27T11:26:48","modified_gmt":"2026-02-27T11:26:48","slug":"hjem","status":"publish","type":"page","link":"https:\/\/anjabeck.dk\/","title":{"rendered":"Hjem"},"content":{"rendered":"\t\t<div data-elementor-type=\"wp-post\" data-elementor-id=\"10\" class=\"elementor elementor-10\" data-elementor-post-type=\"page\">\n\t\t\t\t<div class=\"elementor-element elementor-element-6d23172 e-flex e-con-boxed e-con e-parent\" data-id=\"6d23172\" data-element_type=\"container\" data-e-type=\"container\">\n\t\t\t\t\t<div class=\"e-con-inner\">\n\t\t<div class=\"elementor-element elementor-element-439d498 e-con-full e-flex e-con e-child\" data-id=\"439d498\" data-element_type=\"container\" data-e-type=\"container\">\n\t\t\t\t<div class=\"elementor-element elementor-element-f1912f2 elementor-widget elementor-widget-spacer\" data-id=\"f1912f2\" data-element_type=\"widget\" data-e-type=\"widget\" data-widget_type=\"spacer.default\">\n\t\t\t\t\t\t\t<div class=\"elementor-spacer\">\n\t\t\t<div class=\"elementor-spacer-inner\"><\/div>\n\t\t<\/div>\n\t\t\t\t\t\t<\/div>\n\t\t\t\t<div class=\"elementor-element elementor-element-5edb55b elementor-widget elementor-widget-heading\" data-id=\"5edb55b\" data-element_type=\"widget\" data-e-type=\"widget\" data-widget_type=\"heading.default\">\n\t\t\t\t\t<h2 class=\"elementor-heading-title elementor-size-default\">Hej, jeg hedder Anja<\/h2>\t\t\t\t<\/div>\n\t\t\t\t<div class=\"elementor-element elementor-element-be8cf71 elementor-widget elementor-widget-spacer\" data-id=\"be8cf71\" data-element_type=\"widget\" data-e-type=\"widget\" data-widget_type=\"spacer.default\">\n\t\t\t\t\t\t\t<div class=\"elementor-spacer\">\n\t\t\t<div class=\"elementor-spacer-inner\"><\/div>\n\t\t<\/div>\n\t\t\t\t\t\t<\/div>\n\t\t\t\t<div class=\"elementor-element elementor-element-74bb43c elementor-widget elementor-widget-text-editor\" data-id=\"74bb43c\" data-element_type=\"widget\" data-e-type=\"widget\" data-widget_type=\"text-editor.default\">\n\t\t\t\t\t\t\t\t\t<p>Jeg er lidt af en it-nerd, som altid har v\u00e6ret fascineret at det elektroniske medie og dens muligheder. Jeg er nysgerrig p\u00e5 ny teknologi og apps, og s\u00e6tter en \u00e6re i at g\u00f8re dette forst\u00e5elig og nemt for andre, som ikke lige synes at det er det mest sp\u00e6ndende i verden.\u00a0<br \/><br \/>N\u00e5r jeg ikke arbejder p\u00e5 hjemmesider, annoncer, opslag, logoer osv. er jeg mor, mormor og aktiv i lokalsamfundet i den lille by Stouby, hvor jeg bor.<\/p>\t\t\t\t\t\t\t\t<\/div>\n\t\t\t\t<div class=\"elementor-element elementor-element-ab35596 elementor-widget elementor-widget-text-editor\" data-id=\"ab35596\" data-element_type=\"widget\" data-e-type=\"widget\" data-widget_type=\"text-editor.default\">\n\t\t\t\t\t\t\t\t\t<p>KONTAKT &#8211; 60616780 mail@anjabeck.dk<\/p>\t\t\t\t\t\t\t\t<\/div>\n\t\t\t\t<\/div>\n\t\t<div class=\"elementor-element elementor-element-593d8b0 e-con-full e-flex e-con e-child\" data-id=\"593d8b0\" data-element_type=\"container\" data-e-type=\"container\">\n\t\t\t\t<div class=\"elementor-element elementor-element-8afcf7a elementor-widget elementor-widget-image\" data-id=\"8afcf7a\" data-element_type=\"widget\" data-e-type=\"widget\" data-widget_type=\"image.default\">\n\t\t\t\t\t\t\t\t\t\t\t\t\t\t\t<img fetchpriority=\"high\" decoding=\"async\" width=\"1024\" height=\"871\" src=\"https:\/\/anjabeck.dk\/wp-content\/uploads\/2026\/02\/praesentationsbillede-1024x871.jpg\" class=\"attachment-large size-large wp-image-50\" alt=\"\" srcset=\"https:\/\/anjabeck.dk\/wp-content\/uploads\/2026\/02\/praesentationsbillede-1024x871.jpg 1024w, https:\/\/anjabeck.dk\/wp-content\/uploads\/2026\/02\/praesentationsbillede-300x255.jpg 300w, https:\/\/anjabeck.dk\/wp-content\/uploads\/2026\/02\/praesentationsbillede-768x653.jpg 768w, https:\/\/anjabeck.dk\/wp-content\/uploads\/2026\/02\/praesentationsbillede.jpg 1200w\" sizes=\"(max-width: 1024px) 100vw, 1024px\" \/>\t\t\t\t\t\t\t\t\t\t\t\t\t\t\t<\/div>\n\t\t\t\t<\/div>\n\t\t\t\t\t<\/div>\n\t\t\t\t<\/div>\n\t\t<div class=\"elementor-element elementor-element-1c80ade e-flex e-con-boxed e-con e-parent\" data-id=\"1c80ade\" data-element_type=\"container\" data-e-type=\"container\">\n\t\t\t\t\t<div class=\"e-con-inner\">\n\t\t\t\t<div class=\"elementor-element elementor-element-d885a77 elementor-widget elementor-widget-spacer\" data-id=\"d885a77\" data-element_type=\"widget\" data-e-type=\"widget\" data-widget_type=\"spacer.default\">\n\t\t\t\t\t\t\t<div class=\"elementor-spacer\">\n\t\t\t<div class=\"elementor-spacer-inner\"><\/div>\n\t\t<\/div>\n\t\t\t\t\t\t<\/div>\n\t\t\t\t\t<\/div>\n\t\t\t\t<\/div>\n\t\t<div class=\"elementor-element elementor-element-7b5834a e-flex e-con-boxed e-con e-parent\" data-id=\"7b5834a\" data-element_type=\"container\" data-e-type=\"container\">\n\t\t\t\t\t<div class=\"e-con-inner\">\n\t\t\t\t<div class=\"elementor-element elementor-element-6601561 elementor-widget elementor-widget-heading\" data-id=\"6601561\" data-element_type=\"widget\" data-e-type=\"widget\" data-widget_type=\"heading.default\">\n\t\t\t\t\t<h2 class=\"elementor-heading-title elementor-size-default\">Se de hjemmesider jeg lavet<\/h2>\t\t\t\t<\/div>\n\t\t\t\t\t<\/div>\n\t\t\t\t<\/div>\n\t\t<div class=\"elementor-element elementor-element-0f7f267 e-flex e-con-boxed e-con e-parent\" data-id=\"0f7f267\" data-element_type=\"container\" data-e-type=\"container\">\n\t\t\t\t\t<div class=\"e-con-inner\">\n\t\t<div class=\"elementor-element elementor-element-21473f7 e-con-full e-flex e-con e-child\" data-id=\"21473f7\" data-element_type=\"container\" data-e-type=\"container\">\n\t\t<div class=\"elementor-element elementor-element-7fb4789 e-con-full e-flex e-con e-child\" data-id=\"7fb4789\" data-element_type=\"container\" data-e-type=\"container\">\n\t\t\t\t<div class=\"elementor-element elementor-element-0e084c2 elementor-widget elementor-widget-image\" data-id=\"0e084c2\" data-element_type=\"widget\" data-e-type=\"widget\" data-widget_type=\"image.default\">\n\t\t\t\t\t\t\t\t\t\t\t\t\t\t\t<img decoding=\"async\" width=\"606\" height=\"489\" src=\"https:\/\/anjabeck.dk\/wp-content\/uploads\/2026\/02\/iMac-mockup.png\" class=\"attachment-full size-full wp-image-77\" alt=\"\" srcset=\"https:\/\/anjabeck.dk\/wp-content\/uploads\/2026\/02\/iMac-mockup.png 606w, https:\/\/anjabeck.dk\/wp-content\/uploads\/2026\/02\/iMac-mockup-300x242.png 300w\" sizes=\"(max-width: 606px) 100vw, 606px\" \/>\t\t\t\t\t\t\t\t\t\t\t\t\t\t\t<\/div>\n\t\t<div class=\"elementor-element elementor-element-c6a96b4 e-con-full e-flex e-con e-child\" data-id=\"c6a96b4\" data-element_type=\"container\" data-e-type=\"container\" data-settings=\"{&quot;background_background&quot;:&quot;classic&quot;,&quot;position&quot;:&quot;absolute&quot;}\">\n\t\t\t\t<\/div>\n\t\t\t\t<\/div>\n\t\t\t\t<\/div>\n\t\t<div class=\"elementor-element elementor-element-f492350 e-con-full e-flex e-con e-child\" data-id=\"f492350\" data-element_type=\"container\" data-e-type=\"container\">\n\t\t<div class=\"elementor-element elementor-element-ae2b0bb e-con-full e-flex e-con e-child\" data-id=\"ae2b0bb\" data-element_type=\"container\" data-e-type=\"container\">\n\t\t\t\t<div class=\"elementor-element elementor-element-8a3055a elementor-widget elementor-widget-image\" data-id=\"8a3055a\" data-element_type=\"widget\" data-e-type=\"widget\" data-widget_type=\"image.default\">\n\t\t\t\t\t\t\t\t\t\t\t\t\t\t\t<img decoding=\"async\" width=\"606\" height=\"489\" src=\"https:\/\/anjabeck.dk\/wp-content\/uploads\/2026\/02\/iMac-mockup.png\" class=\"attachment-full size-full wp-image-77\" alt=\"\" srcset=\"https:\/\/anjabeck.dk\/wp-content\/uploads\/2026\/02\/iMac-mockup.png 606w, https:\/\/anjabeck.dk\/wp-content\/uploads\/2026\/02\/iMac-mockup-300x242.png 300w\" sizes=\"(max-width: 606px) 100vw, 606px\" \/>\t\t\t\t\t\t\t\t\t\t\t\t\t\t\t<\/div>\n\t\t<div class=\"elementor-element elementor-element-f6c415b e-con-full e-flex e-con e-child\" data-id=\"f6c415b\" data-element_type=\"container\" data-e-type=\"container\" data-settings=\"{&quot;background_background&quot;:&quot;classic&quot;,&quot;position&quot;:&quot;absolute&quot;}\">\n\t\t\t\t<\/div>\n\t\t\t\t<\/div>\n\t\t\t\t<\/div>\n\t\t<div class=\"elementor-element elementor-element-5be0b54 e-con-full e-flex e-con e-child\" data-id=\"5be0b54\" data-element_type=\"container\" data-e-type=\"container\">\n\t\t<div class=\"elementor-element elementor-element-c1307b2 e-con-full e-flex e-con e-child\" data-id=\"c1307b2\" data-element_type=\"container\" data-e-type=\"container\">\n\t\t\t\t<div class=\"elementor-element elementor-element-b5c349d elementor-widget elementor-widget-image\" data-id=\"b5c349d\" data-element_type=\"widget\" data-e-type=\"widget\" data-widget_type=\"image.default\">\n\t\t\t\t\t\t\t\t\t\t\t\t\t\t\t<img decoding=\"async\" width=\"606\" height=\"489\" src=\"https:\/\/anjabeck.dk\/wp-content\/uploads\/2026\/02\/iMac-mockup.png\" class=\"attachment-full size-full wp-image-77\" alt=\"\" srcset=\"https:\/\/anjabeck.dk\/wp-content\/uploads\/2026\/02\/iMac-mockup.png 606w, https:\/\/anjabeck.dk\/wp-content\/uploads\/2026\/02\/iMac-mockup-300x242.png 300w\" sizes=\"(max-width: 606px) 100vw, 606px\" \/>\t\t\t\t\t\t\t\t\t\t\t\t\t\t\t<\/div>\n\t\t<div class=\"elementor-element elementor-element-0557111 e-con-full e-flex e-con e-child\" data-id=\"0557111\" data-element_type=\"container\" data-e-type=\"container\" data-settings=\"{&quot;background_background&quot;:&quot;classic&quot;,&quot;position&quot;:&quot;absolute&quot;}\">\n\t\t\t\t<\/div>\n\t\t\t\t<\/div>\n\t\t\t\t<\/div>\n\t\t\t\t\t<\/div>\n\t\t\t\t<\/div>\n\t\t<div class=\"elementor-element elementor-element-c90e55b e-flex e-con-boxed e-con e-parent\" data-id=\"c90e55b\" data-element_type=\"container\" data-e-type=\"container\">\n\t\t\t\t\t<div class=\"e-con-inner\">\n\t\t<div class=\"elementor-element elementor-element-0315dd3 e-con-full e-flex e-con e-child\" data-id=\"0315dd3\" data-element_type=\"container\" data-e-type=\"container\">\n\t\t<div class=\"elementor-element elementor-element-509645e e-con-full e-flex e-con e-child\" data-id=\"509645e\" data-element_type=\"container\" data-e-type=\"container\">\n\t\t\t\t<div class=\"elementor-element elementor-element-9d450ca elementor-widget elementor-widget-image\" data-id=\"9d450ca\" data-element_type=\"widget\" data-e-type=\"widget\" data-widget_type=\"image.default\">\n\t\t\t\t\t\t\t\t\t\t\t\t\t\t\t<img decoding=\"async\" width=\"606\" height=\"489\" src=\"https:\/\/anjabeck.dk\/wp-content\/uploads\/2026\/02\/iMac-mockup.png\" class=\"attachment-full size-full wp-image-77\" alt=\"\" srcset=\"https:\/\/anjabeck.dk\/wp-content\/uploads\/2026\/02\/iMac-mockup.png 606w, https:\/\/anjabeck.dk\/wp-content\/uploads\/2026\/02\/iMac-mockup-300x242.png 300w\" sizes=\"(max-width: 606px) 100vw, 606px\" \/>\t\t\t\t\t\t\t\t\t\t\t\t\t\t\t<\/div>\n\t\t<div class=\"elementor-element elementor-element-b6d5252 e-con-full e-flex e-con e-child\" data-id=\"b6d5252\" data-element_type=\"container\" data-e-type=\"container\" data-settings=\"{&quot;background_background&quot;:&quot;classic&quot;,&quot;position&quot;:&quot;absolute&quot;}\">\n\t\t\t\t<\/div>\n\t\t\t\t<\/div>\n\t\t\t\t<\/div>\n\t\t<div class=\"elementor-element elementor-element-54d8332 e-con-full e-flex e-con e-child\" data-id=\"54d8332\" data-element_type=\"container\" data-e-type=\"container\">\n\t\t<div class=\"elementor-element elementor-element-21e57e4 e-con-full e-flex e-con e-child\" data-id=\"21e57e4\" data-element_type=\"container\" data-e-type=\"container\">\n\t\t\t\t<div class=\"elementor-element elementor-element-9201806 elementor-widget elementor-widget-image\" data-id=\"9201806\" data-element_type=\"widget\" data-e-type=\"widget\" data-widget_type=\"image.default\">\n\t\t\t\t\t\t\t\t\t\t\t\t\t\t\t<img decoding=\"async\" width=\"606\" height=\"489\" src=\"https:\/\/anjabeck.dk\/wp-content\/uploads\/2026\/02\/iMac-mockup.png\" class=\"attachment-full size-full wp-image-77\" alt=\"\" srcset=\"https:\/\/anjabeck.dk\/wp-content\/uploads\/2026\/02\/iMac-mockup.png 606w, https:\/\/anjabeck.dk\/wp-content\/uploads\/2026\/02\/iMac-mockup-300x242.png 300w\" sizes=\"(max-width: 606px) 100vw, 606px\" \/>\t\t\t\t\t\t\t\t\t\t\t\t\t\t\t<\/div>\n\t\t<div class=\"elementor-element elementor-element-901f923 e-con-full e-flex e-con e-child\" data-id=\"901f923\" data-element_type=\"container\" data-e-type=\"container\" data-settings=\"{&quot;background_background&quot;:&quot;classic&quot;,&quot;position&quot;:&quot;absolute&quot;}\">\n\t\t\t\t<\/div>\n\t\t\t\t<\/div>\n\t\t\t\t<\/div>\n\t\t<div class=\"elementor-element elementor-element-ebc9b11 e-con-full e-flex e-con e-child\" data-id=\"ebc9b11\" data-element_type=\"container\" data-e-type=\"container\">\n\t\t<div class=\"elementor-element elementor-element-645aa48 e-con-full e-flex e-con e-child\" data-id=\"645aa48\" data-element_type=\"container\" data-e-type=\"container\">\n\t\t\t\t<div class=\"elementor-element elementor-element-b8361d8 elementor-widget elementor-widget-image\" data-id=\"b8361d8\" data-element_type=\"widget\" data-e-type=\"widget\" data-widget_type=\"image.default\">\n\t\t\t\t\t\t\t\t\t\t\t\t\t\t\t<img decoding=\"async\" width=\"606\" height=\"489\" src=\"https:\/\/anjabeck.dk\/wp-content\/uploads\/2026\/02\/iMac-mockup.png\" class=\"attachment-full size-full wp-image-77\" alt=\"\" srcset=\"https:\/\/anjabeck.dk\/wp-content\/uploads\/2026\/02\/iMac-mockup.png 606w, https:\/\/anjabeck.dk\/wp-content\/uploads\/2026\/02\/iMac-mockup-300x242.png 300w\" sizes=\"(max-width: 606px) 100vw, 606px\" \/>\t\t\t\t\t\t\t\t\t\t\t\t\t\t\t<\/div>\n\t\t<div class=\"elementor-element elementor-element-ee76692 e-con-full e-flex e-con e-child\" data-id=\"ee76692\" data-element_type=\"container\" data-e-type=\"container\" data-settings=\"{&quot;background_background&quot;:&quot;classic&quot;,&quot;position&quot;:&quot;absolute&quot;}\">\n\t\t\t\t<\/div>\n\t\t\t\t<\/div>\n\t\t\t\t<\/div>\n\t\t\t\t\t<\/div>\n\t\t\t\t<\/div>\n\t\t<div class=\"elementor-element elementor-element-93fc3a2 e-flex e-con-boxed e-con e-parent\" data-id=\"93fc3a2\" data-element_type=\"container\" data-e-type=\"container\">\n\t\t\t\t\t<div class=\"e-con-inner\">\n\t\t<div class=\"elementor-element elementor-element-a3f6694 e-con-full e-flex e-con e-child\" data-id=\"a3f6694\" data-element_type=\"container\" data-e-type=\"container\">\n\t\t<div class=\"elementor-element elementor-element-74d6910 e-con-full e-flex e-con e-child\" data-id=\"74d6910\" data-element_type=\"container\" data-e-type=\"container\">\n\t\t\t\t<div class=\"elementor-element elementor-element-688653f elementor-widget elementor-widget-image\" data-id=\"688653f\" data-element_type=\"widget\" data-e-type=\"widget\" data-widget_type=\"image.default\">\n\t\t\t\t\t\t\t\t\t\t\t\t\t\t\t<img decoding=\"async\" width=\"606\" height=\"489\" src=\"https:\/\/anjabeck.dk\/wp-content\/uploads\/2026\/02\/iMac-mockup.png\" class=\"attachment-full size-full wp-image-77\" alt=\"\" srcset=\"https:\/\/anjabeck.dk\/wp-content\/uploads\/2026\/02\/iMac-mockup.png 606w, https:\/\/anjabeck.dk\/wp-content\/uploads\/2026\/02\/iMac-mockup-300x242.png 300w\" sizes=\"(max-width: 606px) 100vw, 606px\" \/>\t\t\t\t\t\t\t\t\t\t\t\t\t\t\t<\/div>\n\t\t<div class=\"elementor-element elementor-element-05c2756 e-con-full e-flex e-con e-child\" data-id=\"05c2756\" data-element_type=\"container\" data-e-type=\"container\" data-settings=\"{&quot;background_background&quot;:&quot;classic&quot;,&quot;position&quot;:&quot;absolute&quot;}\">\n\t\t\t\t<\/div>\n\t\t\t\t<\/div>\n\t\t\t\t<\/div>\n\t\t<div class=\"elementor-element elementor-element-e0d5162 e-con-full e-flex e-con e-child\" data-id=\"e0d5162\" data-element_type=\"container\" data-e-type=\"container\">\n\t\t<div class=\"elementor-element elementor-element-693a6a1 e-con-full e-flex e-con e-child\" data-id=\"693a6a1\" data-element_type=\"container\" data-e-type=\"container\">\n\t\t\t\t<div class=\"elementor-element elementor-element-29e7994 elementor-widget elementor-widget-image\" data-id=\"29e7994\" data-element_type=\"widget\" data-e-type=\"widget\" data-widget_type=\"image.default\">\n\t\t\t\t\t\t\t\t\t\t\t\t\t\t\t<img decoding=\"async\" width=\"606\" height=\"489\" src=\"https:\/\/anjabeck.dk\/wp-content\/uploads\/2026\/02\/iMac-mockup.png\" class=\"attachment-full size-full wp-image-77\" alt=\"\" srcset=\"https:\/\/anjabeck.dk\/wp-content\/uploads\/2026\/02\/iMac-mockup.png 606w, https:\/\/anjabeck.dk\/wp-content\/uploads\/2026\/02\/iMac-mockup-300x242.png 300w\" sizes=\"(max-width: 606px) 100vw, 606px\" \/>\t\t\t\t\t\t\t\t\t\t\t\t\t\t\t<\/div>\n\t\t<div class=\"elementor-element elementor-element-57c5313 e-con-full e-flex e-con e-child\" data-id=\"57c5313\" data-element_type=\"container\" data-e-type=\"container\" data-settings=\"{&quot;background_background&quot;:&quot;classic&quot;,&quot;position&quot;:&quot;absolute&quot;}\">\n\t\t\t\t<\/div>\n\t\t\t\t<\/div>\n\t\t\t\t<\/div>\n\t\t<div class=\"elementor-element elementor-element-3e1c4d2 e-con-full e-flex e-con e-child\" data-id=\"3e1c4d2\" data-element_type=\"container\" data-e-type=\"container\">\n\t\t<div class=\"elementor-element elementor-element-ef148a5 e-con-full e-flex e-con e-child\" data-id=\"ef148a5\" data-element_type=\"container\" data-e-type=\"container\">\n\t\t\t\t<div class=\"elementor-element elementor-element-9116a0b elementor-widget elementor-widget-image\" data-id=\"9116a0b\" data-element_type=\"widget\" data-e-type=\"widget\" data-widget_type=\"image.default\">\n\t\t\t\t\t\t\t\t\t\t\t\t\t\t\t<img decoding=\"async\" width=\"606\" height=\"489\" src=\"https:\/\/anjabeck.dk\/wp-content\/uploads\/2026\/02\/iMac-mockup.png\" class=\"attachment-full size-full wp-image-77\" alt=\"\" srcset=\"https:\/\/anjabeck.dk\/wp-content\/uploads\/2026\/02\/iMac-mockup.png 606w, https:\/\/anjabeck.dk\/wp-content\/uploads\/2026\/02\/iMac-mockup-300x242.png 300w\" sizes=\"(max-width: 606px) 100vw, 606px\" \/>\t\t\t\t\t\t\t\t\t\t\t\t\t\t\t<\/div>\n\t\t<div class=\"elementor-element elementor-element-885e944 e-con-full e-flex e-con e-child\" data-id=\"885e944\" data-element_type=\"container\" data-e-type=\"container\" data-settings=\"{&quot;background_background&quot;:&quot;classic&quot;,&quot;position&quot;:&quot;absolute&quot;}\">\n\t\t\t\t<\/div>\n\t\t\t\t<\/div>\n\t\t\t\t<\/div>\n\t\t\t\t\t<\/div>\n\t\t\t\t<\/div>\n\t\t\t\t<\/div>\n\t\t","protected":false},"excerpt":{"rendered":"<p>Hej, jeg hedder Anja Jeg er lidt af en it-nerd, som altid har v\u00e6ret fascineret at det elektroniske medie og dens muligheder. Jeg er nysgerrig p\u00e5 ny teknologi og apps, og s\u00e6tter en \u00e6re i at g\u00f8re dette forst\u00e5elig og nemt for andre, som ikke lige synes at det er det mest sp\u00e6ndende i verden.\u00a0 [&hellip;]<\/p>\n","protected":false},"author":1,"featured_media":0,"parent":0,"menu_order":0,"comment_status":"closed","ping_status":"closed","template":"elementor_header_footer","meta":{"footnotes":""},"class_list":["post-10","page","type-page","status-publish","hentry"],"blocksy_meta":[],"_links":{"self":[{"href":"https:\/\/anjabeck.dk\/index.php\/wp-json\/wp\/v2\/pages\/10","targetHints":{"allow":["GET"]}}],"collection":[{"href":"https:\/\/anjabeck.dk\/index.php\/wp-json\/wp\/v2\/pages"}],"about":[{"href":"https:\/\/anjabeck.dk\/index.php\/wp-json\/wp\/v2\/types\/page"}],"author":[{"embeddable":true,"href":"https:\/\/anjabeck.dk\/index.php\/wp-json\/wp\/v2\/users\/1"}],"replies":[{"embeddable":true,"href":"https:\/\/anjabeck.dk\/index.php\/wp-json\/wp\/v2\/comments?post=10"}],"version-history":[{"count":49,"href":"https:\/\/anjabeck.dk\/index.php\/wp-json\/wp\/v2\/pages\/10\/revisions"}],"predecessor-version":[{"id":107,"href":"https:\/\/anjabeck.dk\/index.php\/wp-json\/wp\/v2\/pages\/10\/revisions\/107"}],"wp:attachment":[{"href":"https:\/\/anjabeck.dk\/index.php\/wp-json\/wp\/v2\/media?parent=10"}],"curies":[{"name":"wp","href":"https:\/\/api.w.org\/{rel}","templated":true}]}}